{"id":262,"date":"2024-03-31T18:05:41","date_gmt":"2024-03-31T16:05:41","guid":{"rendered":"https:\/\/paroles-enlair.fr\/?page_id=262"},"modified":"2024-05-23T16:07:44","modified_gmt":"2024-05-23T14:07:44","slug":"262-2","status":"publish","type":"page","link":"https:\/\/paroles-enlair.fr\/?page_id=262","title":{"rendered":"Dans le jardin de Martin"},"content":{"rendered":"\n<div class=\"wp-block-group alignfull has-global-padding is-layout-constrained wp-block-group-is-layout-constrained\" style=\"margin-top:0;margin-bottom:0;padding-top:var(--wp--preset--spacing--50);padding-right:var(--wp--preset--spacing--50);padding-bottom:var(--wp--preset--spacing--50);padding-left:var(--wp--preset--spacing--50)\">\n<h2 class=\"wp-block-heading has-text-align-center has-xx-large-font-size\">Dans le jardin de Martin<\/h2>\n\n\n\n<p class=\"has-text-align-center\" style=\"font-style:normal;font-weight:400\">Spectacle d&rsquo;objets cont\u00e9, chant\u00e9, rythm\u00e9 &#8230; sous un pommier<\/p>\n\n\n\n<div style=\"height:9px\" aria-hidden=\"true\" class=\"wp-block-spacer\"><\/div>\n\n\n\n<div class=\"wp-block-columns alignwide is-layout-flex wp-container-core-columns-layout-1 wp-block-columns-is-layout-flex\" style=\"padding-right:0;padding-left:0\">\n<div class=\"wp-block-column is-layout-flow wp-block-column-is-layout-flow\">\n<div class=\"wp-block-group is-vertical is-content-justification-center is-nowrap is-layout-flex wp-container-core-group-layout-1 wp-block-group-is-layout-flex\">\n<div style=\"height:112px\" aria-hidden=\"true\" class=\"wp-block-spacer wp-container-content-1\"><\/div>\n<\/div>\n\n\n\n<figure class=\"wp-block-image size-full is-style-default\"><img loading=\"lazy\" decoding=\"async\" width=\"720\" height=\"480\" src=\"http:\/\/paroles-enlair.fr\/wp-content\/uploads\/2024\/03\/Dans-le-jardin-de-Martin-2.jpg\" alt=\"\" class=\"wp-image-214\" style=\"aspect-ratio:1;object-fit:cover\" srcset=\"https:\/\/paroles-enlair.fr\/wp-content\/uploads\/2024\/03\/Dans-le-jardin-de-Martin-2.jpg 720w, https:\/\/paroles-enlair.fr\/wp-content\/uploads\/2024\/03\/Dans-le-jardin-de-Martin-2-300x200.jpg 300w\" sizes=\"(max-width: 720px) 100vw, 720px\" \/><\/figure>\n\n\n\n<div style=\"height:39px\" aria-hidden=\"true\" class=\"wp-block-spacer\"><\/div>\n\n\n\n<div class=\"wp-block-buttons is-layout-flex wp-block-buttons-is-layout-flex\">\n<div class=\"wp-block-button is-style-fill\"><a class=\"wp-block-button__link has-contrast-color has-text-color has-background has-link-color wp-element-button\" href=\"https:\/\/paroles-enlair.fr\/wp-content\/uploads\/2024\/03\/Dans-le-jardin-de-Martin-Dossier-pedagogique.pdf\" style=\"border-radius:100px;background-color:#fee600\" target=\"_blank\" rel=\"noreferrer noopener\">T\u00e9l\u00e9charger le dossier complet<\/a><\/div>\n\n\n\n<div class=\"wp-block-button is-style-fill\"><a class=\"wp-block-button__link has-contrast-color has-text-color has-background has-link-color wp-element-button\" href=\"https:\/\/www.youtube.com\/watch?v=jw7TpzJZwIk&amp;t=11s\" style=\"border-radius:100px;background-color:#fee600\" target=\"_blank\" rel=\"noreferrer noopener\">Voir le teaser<\/a><\/div>\n<\/div>\n\n\n\n<div class=\"wp-block-buttons is-layout-flex wp-block-buttons-is-layout-flex\">\n<div class=\"wp-block-button is-style-fill\"><a class=\"wp-block-button__link has-contrast-color has-text-color has-background has-link-color wp-element-button\" href=\"https:\/\/paroles-enlair.fr\/?page_id=99\" style=\"border-radius:100px;background-color:#fee600\">Nous contacter<\/a><\/div>\n<\/div>\n<\/div>\n\n\n\n<div class=\"wp-block-column is-layout-flow wp-block-column-is-layout-flow\">\n<div class=\"wp-block-group is-vertical is-content-justification-center is-nowrap is-layout-flex wp-container-core-group-layout-2 wp-block-group-is-layout-flex\">\n<ul>\n<li style=\"font-style:normal;font-weight:400\">Age: De deux \u00e0 huit ans<\/li>\n\n\n\n<li style=\"font-style:normal;font-weight:400\">Dur\u00e9e: 30 minutes <\/li>\n<\/ul>\n\n\n\n<div style=\"height:22px\" aria-hidden=\"true\" class=\"wp-block-spacer wp-container-content-2\"><\/div>\n\n\n\n<p style=\"font-style:normal;font-weight:600\"><strong>Un Spectacle pour les tout-petits<\/strong><\/p>\n\n\n\n<div style=\"height:25px\" aria-hidden=\"true\" class=\"wp-block-spacer wp-container-content-3\"><\/div>\n\n\n\n<p style=\"font-style:normal;font-weight:400\">L\u2019histoire commence par une nuit d\u2019hiver. Il fait tout noir. La neige tombe. Le matin arrive, la fen\u00eatre s\u2019ouvre, et on d\u00e9couvre le jardin de Martin cach\u00e9 sous la neige. Oh ! Quelqu\u2019un a oubli\u00e9 sa moufle\u2026<\/p>\n\n\n\n<div style=\"height:9px\" aria-hidden=\"true\" class=\"wp-block-spacer wp-container-content-4\"><\/div>\n\n\n\n<p style=\"font-style:normal;font-weight:400\">Le spectacle propose un voyage circulaire autour des rythmes de la journ\u00e9e et des saisons : A la fin, tout pourrait recommencer.<\/p>\n\n\n\n<p style=\"font-style:normal;font-weight:400\">Cet aspect cyclique, rythmique, se retrouve aussi dans la structure narrative des quatre histoires, qui sont des contes \u00e0 refrains, et bien s\u00fbr dans les comptines et chansons qui ponctuent le spectacle !<\/p>\n\n\n\n<p style=\"font-style:normal;font-weight:400\">Les histoires dont l\u2019enjeu est tr\u00e8s clair, jouent sur la r\u00e9p\u00e9tition d\u2019un motif simple. Les tout-petits les adorent!<\/p>\n\n\n\n<div style=\"height:0px\" aria-hidden=\"true\" class=\"wp-block-spacer wp-container-content-5\"><\/div>\n\n\n\n<p class=\"has-medium-font-size\" style=\"font-style:normal;font-weight:600\"><strong>Les histoires<\/strong> <\/p>\n\n\n\n<div style=\"height:0px\" aria-hidden=\"true\" class=\"wp-block-spacer wp-container-content-6\"><\/div>\n\n\n\n<p class=\"has-text-color has-link-color wp-elements-4c82a933b16f42d4611849c261917f73\" style=\"color:#699b0d;font-style:normal;font-weight:400\">\u2022<strong>&nbsp;&nbsp;&nbsp;&nbsp;La moufle :<\/strong> <mark style=\"background-color:rgba(0, 0, 0, 0)\" class=\"has-inline-color has-contrast-color\">des personnages s\u2019accumulent dans une moufle perdue dans la neige. ( Conte traditionnel russe )<\/mark><\/p>\n\n\n\n<p class=\"has-text-color has-link-color wp-elements-c04a2b948dd26f25831de951e13d79b8\" style=\"color:#699b0d;font-style:normal;font-weight:400\">\u2022&nbsp;&nbsp;&nbsp;<strong>&nbsp;Es-tu ma maman ?<\/strong> :<strong> <\/strong><mark style=\"background-color:rgba(0, 0, 0, 0)\" class=\"has-inline-color has-contrast-color\">un petit poussin cherche sa maman et rencontre diff\u00e9rents animaux. ( Album jeunesse )<\/mark><\/p>\n\n\n\n<p class=\"has-text-color has-link-color wp-elements-c1277c2ddb441176bb9f36dadf2981a9\" style=\"color:#699b0d;font-style:normal;font-weight:400\">\u2022&nbsp;&nbsp;<strong>&nbsp;&nbsp;Fais Dodo poussin joli :<\/strong> <mark style=\"background-color:rgba(0, 0, 0, 0)\" class=\"has-inline-color has-contrast-color\">maman poule veut faire taire le mouton qui emp\u00eache son poussin de faire la sieste. Elle va demander de l\u2019aide au pr\u00e9, \u00e0 la rivi\u00e8re, au nuage, au vent et pour finir au pommier. (Histoire originale)<\/mark><\/p>\n\n\n\n<p class=\"has-text-color has-link-color wp-elements-15c2bb67d1cc8242ff5cdab07faa2caf\" style=\"color:#699b0d;font-style:normal;font-weight:400\"><strong>\u2022&nbsp;&nbsp;&nbsp;&nbsp;Le grand roi des poissons : <\/strong><mark style=\"background-color:rgba(0, 0, 0, 0)\" class=\"has-inline-color has-contrast-color\">Martin n\u2019arrive pas \u00e0 sortir de l\u2019eau le grand roi des poissons. Des personnages s\u2019accrochent les uns aux autres pour l\u2019aider. (Histoire originale sur le mod\u00e8le du \u00ab&nbsp;Gros Radis&nbsp;\u00bb)<\/mark><\/p>\n\n\n\n<div style=\"height:0px\" aria-hidden=\"true\" class=\"wp-block-spacer wp-container-content-7\"><\/div>\n\n\n\n<div style=\"height:0px\" aria-hidden=\"true\" class=\"wp-block-spacer wp-container-content-8\"><\/div>\n\n\n\n<p style=\"font-style:normal;font-weight:600\"><strong>&nbsp;&nbsp; Les Axes p\u00e9dagogiques<\/strong><\/p>\n\n\n\n<div style=\"height:0px\" aria-hidden=\"true\" class=\"wp-block-spacer wp-container-content-9\"><\/div>\n\n\n\n<p style=\"font-style:normal;font-weight:400\">Le jardin, les arbres, Les saisons, le cycle de l\u2019eau, le climat, les animaux de la ferme, l\u2019entraide, l\u2019interd\u00e9pendance, l\u2019hospitalit\u00e9\u2026<\/p>\n<\/div>\n\n\n\n<div style=\"height:45px\" aria-hidden=\"true\" class=\"wp-block-spacer\"><\/div>\n\n\n\n<div class=\"wp-block-buttons is-content-justification-right is-layout-flex wp-container-core-buttons-layout-3 wp-block-buttons-is-layout-flex\">\n<div class=\"wp-block-button is-style-fill\"><a class=\"wp-block-button__link has-contrast-color has-text-color has-background has-link-color has-text-align-right wp-element-button\" href=\"https:\/\/paroles-enlair.fr\/?page_id=59\" style=\"border-radius:100px;background-color:#fee600\">Voir les autres spectacles<\/a><\/div>\n<\/div>\n<\/div>\n<\/div>\n<\/div>\n","protected":false},"excerpt":{"rendered":"<p>Dans le jardin de Martin Spectacle d&rsquo;objets cont\u00e9, chant\u00e9, rythm\u00e9 &#8230; sous un pommier Un Spectacle pour les tout-petits L\u2019histoire commence par une nuit d\u2019hiver. Il fait tout noir. La neige tombe. Le matin arrive, la fen\u00eatre s\u2019ouvre, et on d\u00e9couvre le jardin de Martin cach\u00e9 sous la neige. Oh ! Quelqu\u2019un a oubli\u00e9 sa [&hellip;]<\/p>\n","protected":false},"author":1,"featured_media":0,"parent":59,"menu_order":1,"comment_status":"closed","ping_status":"closed","template":"page-no-title","meta":{"footnotes":""},"_links":{"self":[{"href":"https:\/\/paroles-enlair.fr\/index.php?rest_route=\/wp\/v2\/pages\/262"}],"collection":[{"href":"https:\/\/paroles-enlair.fr\/index.php?rest_route=\/wp\/v2\/pages"}],"about":[{"href":"https:\/\/paroles-enlair.fr\/index.php?rest_route=\/wp\/v2\/types\/page"}],"author":[{"embeddable":true,"href":"https:\/\/paroles-enlair.fr\/index.php?rest_route=\/wp\/v2\/users\/1"}],"replies":[{"embeddable":true,"href":"https:\/\/paroles-enlair.fr\/index.php?rest_route=%2Fwp%2Fv2%2Fcomments&post=262"}],"version-history":[{"count":16,"href":"https:\/\/paroles-enlair.fr\/index.php?rest_route=\/wp\/v2\/pages\/262\/revisions"}],"predecessor-version":[{"id":427,"href":"https:\/\/paroles-enlair.fr\/index.php?rest_route=\/wp\/v2\/pages\/262\/revisions\/427"}],"up":[{"embeddable":true,"href":"https:\/\/paroles-enlair.fr\/index.php?rest_route=\/wp\/v2\/pages\/59"}],"wp:attachment":[{"href":"https:\/\/paroles-enlair.fr\/index.php?rest_route=%2Fwp%2Fv2%2Fmedia&parent=262"}],"curies":[{"name":"wp","href":"https:\/\/api.w.org\/{rel}","templated":true}]}}