{"id":284,"date":"2024-03-31T23:16:01","date_gmt":"2024-03-31T21:16:01","guid":{"rendered":"https:\/\/paroles-enlair.fr\/?page_id=284"},"modified":"2024-04-09T00:03:52","modified_gmt":"2024-04-08T22:03:52","slug":"284-2","status":"publish","type":"page","link":"https:\/\/paroles-enlair.fr\/?page_id=284","title":{"rendered":"secrets d&rsquo;arbres"},"content":{"rendered":"\n<div class=\"wp-block-group alignfull has-global-padding is-layout-constrained wp-block-group-is-layout-constrained\" style=\"margin-top:0;margin-bottom:0;padding-top:var(--wp--preset--spacing--50);padding-right:var(--wp--preset--spacing--50);padding-bottom:var(--wp--preset--spacing--50);padding-left:var(--wp--preset--spacing--50)\">\n<h2 class=\"wp-block-heading has-text-align-center has-xx-large-font-size\">Secrets d&rsquo;arbres<\/h2>\n\n\n\n<p class=\"has-text-align-center\"><strong>Un Spectacle particuli\u00e8rement \u00e0 l&rsquo;aise dans la nature<\/strong><\/p>\n\n\n\n<div style=\"height:9px\" aria-hidden=\"true\" class=\"wp-block-spacer\"><\/div>\n\n\n\n<div class=\"wp-block-columns alignwide is-layout-flex wp-container-core-columns-layout-1 wp-block-columns-is-layout-flex\" style=\"padding-right:0;padding-left:0\">\n<div class=\"wp-block-column is-layout-flow wp-block-column-is-layout-flow\">\n<div class=\"wp-block-group is-vertical is-content-justification-center is-nowrap is-layout-flex wp-container-core-group-layout-1 wp-block-group-is-layout-flex\">\n<div style=\"height:114px\" aria-hidden=\"true\" class=\"wp-block-spacer wp-container-content-1\"><\/div>\n<\/div>\n\n\n\n<figure class=\"wp-block-image size-full is-style-default\"><img loading=\"lazy\" decoding=\"async\" width=\"645\" height=\"645\" src=\"http:\/\/paroles-enlair.fr\/wp-content\/uploads\/2024\/03\/Francis_Halle_-carre.jpg\" alt=\"dessin d'arbres en noir et blanc\" class=\"wp-image-243\" style=\"aspect-ratio:1;object-fit:cover\" srcset=\"https:\/\/paroles-enlair.fr\/wp-content\/uploads\/2024\/03\/Francis_Halle_-carre.jpg 645w, https:\/\/paroles-enlair.fr\/wp-content\/uploads\/2024\/03\/Francis_Halle_-carre-300x300.jpg 300w, https:\/\/paroles-enlair.fr\/wp-content\/uploads\/2024\/03\/Francis_Halle_-carre-150x150.jpg 150w\" sizes=\"(max-width: 645px) 100vw, 645px\" \/><figcaption class=\"wp-element-caption\">dessin de Francis Hall\u00e9<\/figcaption><\/figure>\n\n\n\n<div class=\"wp-block-buttons is-layout-flex wp-block-buttons-is-layout-flex\">\n<div class=\"wp-block-button is-style-fill\"><a class=\"wp-block-button__link has-contrast-color has-text-color has-background has-link-color wp-element-button\" style=\"border-radius:100px;background-color:#fee600\">T\u00e9l\u00e9charger le dossier complet<\/a><\/div>\n<\/div>\n\n\n\n<div class=\"wp-block-buttons is-layout-flex wp-block-buttons-is-layout-flex\">\n<div class=\"wp-block-button is-style-fill\"><a class=\"wp-block-button__link has-contrast-color has-text-color has-background has-link-color wp-element-button\" href=\"https:\/\/paroles-enlair.fr\/?page_id=99\" style=\"border-radius:100px;background-color:#fee600\">Nous contacter<\/a><\/div>\n<\/div>\n<\/div>\n\n\n\n<div class=\"wp-block-column is-layout-flow wp-block-column-is-layout-flow\">\n<ul>\n<li>Age: \u00e0 partir de huit ans<\/li>\n\n\n\n<li>Dur\u00e9e: environ une heure <\/li>\n<\/ul>\n\n\n\n<p class=\"has-text-align-center\" style=\"font-style:normal;font-weight:600\"><strong>Causerie mythologico &#8230;<\/strong> <strong>scientifique<\/strong><\/p>\n\n\n\n<div style=\"height:10px\" aria-hidden=\"true\" class=\"wp-block-spacer\"><\/div>\n\n\n\n<p style=\"margin-top:0;margin-right:0;margin-bottom:0;margin-left:0;padding-top:0;padding-right:0;padding-bottom:0;padding-left:0\">Je suis conteuse, passionn\u00e9e par la mythologie v\u00e9g\u00e9tale.<em> <\/em><\/p>\n\n\n\n<p style=\"margin-top:0;margin-right:0;margin-bottom:0;margin-left:0;padding-top:0;padding-right:0;padding-bottom:0;padding-left:0\">La fr\u00e9quentation assidue de la Mythologie m\u2019a convaincue que <strong>le r\u00e8gne animal et le r\u00e8gne v\u00e9g\u00e9tal<\/strong> ne sont pas si \u00e9loign\u00e9s l\u2019un de l\u2019autre.<\/p>\n\n\n\n<p style=\"margin-top:0;margin-right:0;margin-bottom:0;margin-left:0;padding-top:0;padding-right:0;padding-bottom:0;padding-left:0\">Depuis longtemps pour moi, il est \u00e9vident que les arbres, entendent, voient, parlent, marchent, qu\u2019ils ont une sensibilit\u00e9, une intelligence, et que certains ont \u00e9t\u00e9s autrefois des humains.<\/p>\n\n\n\n<p style=\"margin-top:0;margin-right:0;margin-bottom:0;margin-left:0\">Les r\u00e9centes d\u00e9couvertes de nombreux chercheurs, divulgu\u00e9es par Jean-Marie Pelt il y a d\u00e9j\u00e0 plus de 20 ans dans \u00ab&nbsp;Les langages secrets de la nature&nbsp;\u00bb, ou plus r\u00e9cemment par Peter Wohlleben dans son livre \u00ab&nbsp;La vie secr\u00e8te des arbres&nbsp;\u00bb, ne font que conforter mes convictions.<\/p>\n\n\n\n<p style=\"margin-top:0;margin-right:0;margin-bottom:0;margin-left:0\">Aujourd\u2019hui, je suis l\u00e0 pour vous raconter des histoires\u2026 des histoires d\u2019arbres, bien s\u00fbr, des histoires merveilleuses, o\u00f9 tout est vrai, la science l\u2019a prouv\u00e9, le prouve, ou le prouvera&nbsp;!<\/p>\n\n\n\n<p class=\"has-text-align-center has-medium-font-size\" style=\"font-style:normal;font-weight:600\"><strong>Les histoires<\/strong><\/p>\n\n\n\n<ul>\n<li><mark style=\"background-color:rgba(0, 0, 0, 0);color:#699b0d\" class=\"has-inline-color\">La mort d&rsquo;Orph\u00e9e<strong> <\/strong><\/mark><strong>,<\/strong><strong> <mark style=\"background-color:rgba(0, 0, 0, 0)\" class=\"has-inline-color has-contrast-2-color\"> ( mythologie grecque )<\/mark><\/strong><\/li>\n\n\n\n<li><strong><mark style=\"background-color:rgba(0, 0, 0, 0);color:#699b0d\" class=\"has-inline-color\">L&rsquo;arbre monde Yggrasyl <\/mark>, <mark style=\"background-color:rgba(0, 0, 0, 0)\" class=\"has-inline-color has-contrast-2-color\"> ( Cosmogonie Germanique )<\/mark><\/strong><\/li>\n\n\n\n<li><strong><mark style=\"background-color:rgba(0, 0, 0, 0);color:#699b0d\" class=\"has-inline-color\">Le ch\u00eane et la rivi\u00e8re\u00a0<\/mark>, <mark style=\"background-color:rgba(0, 0, 0, 0)\" class=\"has-inline-color has-contrast-2-color\"> (conte traditionnel)<\/mark><\/strong><\/li>\n\n\n\n<li><strong><mark style=\"background-color:rgba(0, 0, 0, 0);color:#699b0d\" class=\"has-inline-color\">La m\u00e8re des contes <\/mark>, <\/strong><mark style=\"background-color:rgba(0, 0, 0, 0)\" class=\"has-inline-color has-contrast-2-color\"> <\/mark>(d&rsquo;apr\u00e8s Henri Gougaud)<\/li>\n\n\n\n<li><mark style=\"background-color:rgba(0, 0, 0, 0);color:#6e9e63\" class=\"has-inline-color\">L&rsquo;arbre merveilleux<\/mark><mark style=\"background-color:rgba(0, 0, 0, 0);color:#467820\" class=\"has-inline-color\">,<\/mark>  (Conte traditionnel auvergnat)<\/li>\n<\/ul>\n\n\n\n<p class=\"has-text-align-center\" style=\"font-style:normal;font-weight:600\"><strong>Les r\u00e9f\u00e9rences scientifiques<\/strong><\/p>\n\n\n\n<p>St\u00e9phano Mancuso, Ernst Z\u00fcrcher, Jagadish Chandra Bose, Cornelis Van Niel, Ian Baldwin et Jack Shultz, Bruno Moulia &#8230;<\/p>\n\n\n\n<div style=\"height:43px\" aria-hidden=\"true\" class=\"wp-block-spacer\"><\/div>\n\n\n\n<div class=\"wp-block-buttons is-content-justification-right is-layout-flex wp-container-core-buttons-layout-3 wp-block-buttons-is-layout-flex\">\n<div class=\"wp-block-button is-style-fill\"><a class=\"wp-block-button__link has-contrast-color has-text-color has-background has-link-color has-text-align-right wp-element-button\" href=\"https:\/\/paroles-enlair.fr\/?page_id=59\" style=\"border-radius:100px;background-color:#fee600\">Voir les autres spectacles<\/a><\/div>\n<\/div>\n<\/div>\n<\/div>\n<\/div>\n","protected":false},"excerpt":{"rendered":"<p>Secrets d&rsquo;arbres Un Spectacle particuli\u00e8rement \u00e0 l&rsquo;aise dans la nature Causerie mythologico &#8230; scientifique Je suis conteuse, passionn\u00e9e par la mythologie v\u00e9g\u00e9tale. La fr\u00e9quentation assidue de la Mythologie m\u2019a convaincue que le r\u00e8gne animal et le r\u00e8gne v\u00e9g\u00e9tal ne sont pas si \u00e9loign\u00e9s l\u2019un de l\u2019autre. Depuis longtemps pour moi, il est \u00e9vident que les [&hellip;]<\/p>\n","protected":false},"author":1,"featured_media":0,"parent":59,"menu_order":2,"comment_status":"closed","ping_status":"closed","template":"","meta":{"footnotes":""},"_links":{"self":[{"href":"https:\/\/paroles-enlair.fr\/index.php?rest_route=\/wp\/v2\/pages\/284"}],"collection":[{"href":"https:\/\/paroles-enlair.fr\/index.php?rest_route=\/wp\/v2\/pages"}],"about":[{"href":"https:\/\/paroles-enlair.fr\/index.php?rest_route=\/wp\/v2\/types\/page"}],"author":[{"embeddable":true,"href":"https:\/\/paroles-enlair.fr\/index.php?rest_route=\/wp\/v2\/users\/1"}],"replies":[{"embeddable":true,"href":"https:\/\/paroles-enlair.fr\/index.php?rest_route=%2Fwp%2Fv2%2Fcomments&post=284"}],"version-history":[{"count":14,"href":"https:\/\/paroles-enlair.fr\/index.php?rest_route=\/wp\/v2\/pages\/284\/revisions"}],"predecessor-version":[{"id":370,"href":"https:\/\/paroles-enlair.fr\/index.php?rest_route=\/wp\/v2\/pages\/284\/revisions\/370"}],"up":[{"embeddable":true,"href":"https:\/\/paroles-enlair.fr\/index.php?rest_route=\/wp\/v2\/pages\/59"}],"wp:attachment":[{"href":"https:\/\/paroles-enlair.fr\/index.php?rest_route=%2Fwp%2Fv2%2Fmedia&parent=284"}],"curies":[{"name":"wp","href":"https:\/\/api.w.org\/{rel}","templated":true}]}}