{"id":386,"date":"2024-04-09T01:59:51","date_gmt":"2024-04-08T23:59:51","guid":{"rendered":"https:\/\/paroles-enlair.fr\/?page_id=386"},"modified":"2024-05-23T16:01:11","modified_gmt":"2024-05-23T14:01:11","slug":"386-2","status":"publish","type":"page","link":"https:\/\/paroles-enlair.fr\/?page_id=386","title":{"rendered":"Les Zinzins de l&rsquo;assiette"},"content":{"rendered":"\n<div class=\"wp-block-group alignfull has-global-padding is-layout-constrained wp-block-group-is-layout-constrained\" style=\"margin-top:0;margin-bottom:0;padding-top:var(--wp--preset--spacing--50);padding-right:var(--wp--preset--spacing--50);padding-bottom:var(--wp--preset--spacing--50);padding-left:var(--wp--preset--spacing--50)\">\n<div class=\"wp-block-group alignfull has-global-padding is-layout-constrained wp-block-group-is-layout-constrained\" style=\"margin-top:0;margin-bottom:0;padding-top:0;padding-right:0;padding-bottom:0;padding-left:0\">\n<h2 class=\"wp-block-heading has-text-align-center has-xx-large-font-size\">Les Zinzins de l&rsquo;assiette<\/h2>\n\n\n\n<p class=\"has-text-align-center\">Avec Laurence Calabrese et Marielle Coubaillon, Cie Show Devant.<\/p>\n\n\n\n<div style=\"height:9px\" aria-hidden=\"true\" class=\"wp-block-spacer\"><\/div>\n\n\n\n<div class=\"wp-block-columns alignwide is-layout-flex wp-container-core-columns-layout-1 wp-block-columns-is-layout-flex\" style=\"padding-right:0;padding-left:0\">\n<div class=\"wp-block-column is-layout-flow wp-block-column-is-layout-flow\">\n<div class=\"wp-block-group is-vertical is-content-justification-center is-nowrap is-layout-flex wp-container-core-group-layout-1 wp-block-group-is-layout-flex\">\n<div style=\"height:101px\" aria-hidden=\"true\" class=\"wp-block-spacer wp-container-content-1\"><\/div>\n<\/div>\n\n\n\n<figure class=\"wp-block-gallery has-nested-images columns-default is-cropped wp-block-gallery-2 is-layout-flex wp-block-gallery-is-layout-flex\">\n<figure class=\"wp-block-image size-full is-style-default\"><img loading=\"lazy\" decoding=\"async\" width=\"868\" height=\"868\" src=\"http:\/\/paroles-enlair.fr\/wp-content\/uploads\/2024\/04\/Les-Zinzins-de-lAssiette-affiche-2.png\" alt=\"\" class=\"wp-image-381\" style=\"aspect-ratio:1;object-fit:cover\" srcset=\"https:\/\/paroles-enlair.fr\/wp-content\/uploads\/2024\/04\/Les-Zinzins-de-lAssiette-affiche-2.png 868w, https:\/\/paroles-enlair.fr\/wp-content\/uploads\/2024\/04\/Les-Zinzins-de-lAssiette-affiche-2-300x300.png 300w, https:\/\/paroles-enlair.fr\/wp-content\/uploads\/2024\/04\/Les-Zinzins-de-lAssiette-affiche-2-150x150.png 150w, https:\/\/paroles-enlair.fr\/wp-content\/uploads\/2024\/04\/Les-Zinzins-de-lAssiette-affiche-2-768x768.png 768w\" sizes=\"(max-width: 868px) 100vw, 868px\" \/><\/figure>\n<\/figure>\n\n\n\n<div class=\"wp-block-buttons is-layout-flex wp-container-core-buttons-layout-1 wp-block-buttons-is-layout-flex\" style=\"margin-top:0;margin-bottom:0\">\n<div class=\"wp-block-button is-style-fill\"><a class=\"wp-block-button__link has-contrast-color has-text-color has-background has-link-color wp-element-button\" href=\"http:\/\/paroles-enlair.fr\/wp-content\/uploads\/2024\/04\/Les-Zinzins-de-lAssiette-presentation-ok.pdf\" style=\"border-radius:100px;background-color:#fee600\" target=\"_blank\" rel=\"noreferrer noopener\">T\u00e9l\u00e9charger le dossier complet<\/a><\/div>\n<\/div>\n\n\n\n<div class=\"wp-block-buttons is-layout-flex wp-block-buttons-is-layout-flex\">\n<div class=\"wp-block-button is-style-fill\"><a class=\"wp-block-button__link has-contrast-color has-text-color has-background has-link-color wp-element-button\" href=\"https:\/\/paroles-enlair.fr\/?page_id=99\" style=\"border-radius:100px;background-color:#fee600\">Nous contacter<\/a><\/div>\n<\/div>\n<\/div>\n\n\n\n<div class=\"wp-block-column is-layout-flow wp-block-column-is-layout-flow\">\n<ul>\n<li>Age: \u00e0 partir de huit ans<\/li>\n\n\n\n<li>Dur\u00e9e: 3\/4 d&rsquo;heure<\/li>\n<\/ul>\n\n\n\n<p class=\"has-text-align-center\" style=\"margin-bottom:var(--wp--preset--spacing--10);font-style:normal;font-weight:600\">Lecture gourmande et enchant\u00e9e<\/p>\n\n\n\n<p class=\"has-text-align-left\">Quatre fr\u00e8res de 4 \u00e0 13 ans, une maman seule \u00e0 l\u2019emploi du temps \u00ab surbook\u00e9\u00bb, elle ne cuisine pas, n\u2019aime pas \u00e7a, n\u2019a pas le temps, et quand elle en a, elle pr\u00e9f\u00e8re emmener tout son petit monde au mus\u00e9e, au parc, au cin\u00e9ma\u2026<br>Bref\u2026 Aux menus : p\u00e2t\u00e9 sous plastique, raviolis en bo\u00eete r\u00e9chauff\u00e9s au micro-ondes, fromage-toile-cir\u00e9e et yaourts beiges g\u00e9latineux \u00e0 l\u2019extrait de faux fruits. Beurk !<br>La fratrie d\u00e9cide de prendre les choses en main, ach\u00e8te un livre de recettes et\u2026tous aux fourneaux !<br>Mais voil\u00e0, on ne fait pas d\u2019omelette sans casser des oeufs, tout ne sera pas si simple.<\/p>\n\n\n\n<div style=\"height:5px\" aria-hidden=\"true\" class=\"wp-block-spacer\"><\/div>\n\n\n\n<p class=\"has-text-align-left\">Les deux lectrices, complices, quasi jumelles avec leurs tabliers \u00e0 pois identiques, interpr\u00e8tent tour \u00e0 tour tous les protagonistes de ce festin, chaque personnage \u00e9tant caract\u00e9ris\u00e9 par une attitude gestuelle, rythmique, vocale et \u00e9nerg\u00e9tique propre.<br>Arm\u00e9es d\u2019ustensiles se muant en instruments sonores et percussifs, elles interpr\u00e8tent \u00e0 deux voix la partition vocale et rythmique concoct\u00e9e par le chef de cet \u00ab orchestre de cuisine \u00bb, Jean-Louis Bettarel.<\/p>\n\n\n\n<div style=\"height:5px\" aria-hidden=\"true\" class=\"wp-block-spacer\"><\/div>\n\n\n\n<p class=\"has-text-align-left\"><em>Un f\u00e9roce app\u00e9tit pour les mots , saupoudr\u00e9 d\u2019un zeste d\u2019indignation contre la malbouffe, d\u2019 une pinc\u00e9e de f\u00e9minisme, assaisonn\u00e9 aussi de quelques r\u00e9flexions sur le genre , la monoparentalit\u00e9\u2026<br>Faites revenir le tout avec humour et DEGUSTEZ\u2026<\/em><\/p>\n\n\n\n<div style=\"height:8px\" aria-hidden=\"true\" class=\"wp-block-spacer\"><\/div>\n\n\n\n<p class=\"has-text-align-center has-medium-font-size\" style=\"font-style:normal;font-weight:600\">Au Menu<\/p>\n\n\n\n<ul>\n<li><strong><mark style=\"background-color:rgba(0, 0, 0, 0);color:#699b0d\" class=\"has-inline-color\">Les Zinzins de l&rsquo;assiette<\/mark>, <mark style=\"background-color:rgba(0, 0, 0, 0)\" class=\"has-inline-color has-contrast-2-color\"> ( Audren )<\/mark><\/strong><\/li>\n\n\n\n<li><strong><mark style=\"background-color:rgba(0, 0, 0, 0);color:#699b0d\" class=\"has-inline-color\">La bouche pleine, po\u00e8mes pr\u00e9ss\u00e9s<\/mark><mark style=\"background-color:rgba(0, 0, 0, 0);color:#000000\" class=\"has-inline-color\">,<\/mark> <mark style=\"background-color:rgba(0, 0, 0, 0)\" class=\"has-inline-color has-contrast-2-color\"> ( Bernard Friot )<\/mark><\/strong><\/li>\n\n\n\n<li><strong><mark style=\"background-color:rgba(0, 0, 0, 0);color:#699b0d\" class=\"has-inline-color\">Les Fabulettes \u00e0 manger<\/mark>, <mark style=\"background-color:rgba(0, 0, 0, 0)\" class=\"has-inline-color has-contrast-2-color\"> (Anne Sylvestre)<\/mark><\/strong><\/li>\n\n\n\n<li><strong><mark style=\"background-color:rgba(0, 0, 0, 0);color:#699b0d\" class=\"has-inline-color\">La confiture<\/mark>, <\/strong><mark style=\"background-color:rgba(0, 0, 0, 0)\" class=\"has-inline-color has-contrast-2-color\"> <\/mark>(Les fr\u00e8res Jacques)<\/li>\n<\/ul>\n\n\n\n<div style=\"height:22px\" aria-hidden=\"true\" class=\"wp-block-spacer\"><\/div>\n\n\n\n<div class=\"wp-block-buttons is-content-justification-right is-layout-flex wp-container-core-buttons-layout-3 wp-block-buttons-is-layout-flex\">\n<div class=\"wp-block-button is-style-fill\"><a class=\"wp-block-button__link has-contrast-color has-text-color has-background has-link-color has-text-align-right wp-element-button\" href=\"https:\/\/paroles-enlair.fr\/?page_id=59\" style=\"border-radius:100px;background-color:#fee600\">Voir les autres spectacles<\/a><\/div>\n<\/div>\n<\/div>\n<\/div>\n<\/div>\n<\/div>\n","protected":false},"excerpt":{"rendered":"<p>Les Zinzins de l&rsquo;assiette Avec Laurence Calabrese et Marielle Coubaillon, Cie Show Devant. Lecture gourmande et enchant\u00e9e Quatre fr\u00e8res de 4 \u00e0 13 ans, une maman seule \u00e0 l\u2019emploi du temps \u00ab surbook\u00e9\u00bb, elle ne cuisine pas, n\u2019aime pas \u00e7a, n\u2019a pas le temps, et quand elle en a, elle pr\u00e9f\u00e8re emmener tout son petit [&hellip;]<\/p>\n","protected":false},"author":1,"featured_media":0,"parent":59,"menu_order":0,"comment_status":"closed","ping_status":"closed","template":"","meta":{"footnotes":""},"_links":{"self":[{"href":"https:\/\/paroles-enlair.fr\/index.php?rest_route=\/wp\/v2\/pages\/386"}],"collection":[{"href":"https:\/\/paroles-enlair.fr\/index.php?rest_route=\/wp\/v2\/pages"}],"about":[{"href":"https:\/\/paroles-enlair.fr\/index.php?rest_route=\/wp\/v2\/types\/page"}],"author":[{"embeddable":true,"href":"https:\/\/paroles-enlair.fr\/index.php?rest_route=\/wp\/v2\/users\/1"}],"replies":[{"embeddable":true,"href":"https:\/\/paroles-enlair.fr\/index.php?rest_route=%2Fwp%2Fv2%2Fcomments&post=386"}],"version-history":[{"count":13,"href":"https:\/\/paroles-enlair.fr\/index.php?rest_route=\/wp\/v2\/pages\/386\/revisions"}],"predecessor-version":[{"id":425,"href":"https:\/\/paroles-enlair.fr\/index.php?rest_route=\/wp\/v2\/pages\/386\/revisions\/425"}],"up":[{"embeddable":true,"href":"https:\/\/paroles-enlair.fr\/index.php?rest_route=\/wp\/v2\/pages\/59"}],"wp:attachment":[{"href":"https:\/\/paroles-enlair.fr\/index.php?rest_route=%2Fwp%2Fv2%2Fmedia&parent=386"}],"curies":[{"name":"wp","href":"https:\/\/api.w.org\/{rel}","templated":true}]}}