{"id":59,"date":"2024-02-20T01:17:34","date_gmt":"2024-02-20T00:17:34","guid":{"rendered":"http:\/\/paroles-enlair.fr\/?page_id=59"},"modified":"2024-12-11T00:58:12","modified_gmt":"2024-12-10T23:58:12","slug":"spectacles","status":"publish","type":"page","link":"https:\/\/paroles-enlair.fr\/?page_id=59","title":{"rendered":"Spectacles"},"content":{"rendered":"\n<div class=\"wp-block-group alignfull has-global-padding is-layout-constrained wp-block-group-is-layout-constrained\" style=\"margin-top:0;margin-bottom:0;padding-top:var(--wp--preset--spacing--50);padding-right:var(--wp--preset--spacing--50);padding-bottom:var(--wp--preset--spacing--50);padding-left:var(--wp--preset--spacing--50)\">\n<div class=\"wp-block-group is-vertical is-content-justification-center is-layout-flex wp-container-core-group-layout-1 wp-block-group-is-layout-flex\">\n<h2 class=\"wp-block-heading\">Nos Spectacles<\/h2>\n\n\n\n<p class=\"has-text-align-center\">Nos spectacles s&rsquo;adressent \u00e0 un public familial sauf indication contraire, et sont autonomes en technique. <\/p>\n<\/div>\n\n\n\n<div style=\"height:40px\" aria-hidden=\"true\" class=\"wp-block-spacer\"><\/div>\n\n\n\n<div class=\"wp-block-columns alignwide is-layout-flex wp-container-core-columns-layout-1 wp-block-columns-is-layout-flex\" style=\"padding-right:0;padding-left:0\">\n<div class=\"wp-block-column is-layout-flow wp-block-column-is-layout-flow\">\n<figure class=\"wp-block-image size-full is-style-default\"><a href=\"https:\/\/paroles-enlair.fr\/?page_id=262\"><img loading=\"lazy\" decoding=\"async\" width=\"720\" height=\"480\" src=\"https:\/\/paroles-enlair.fr\/wp-content\/uploads\/2024\/03\/Dans-le-jardin-de-Martin-2.jpg\" alt=\"\" class=\"wp-image-214\" style=\"aspect-ratio:1;object-fit:cover\" srcset=\"https:\/\/paroles-enlair.fr\/wp-content\/uploads\/2024\/03\/Dans-le-jardin-de-Martin-2.jpg 720w, https:\/\/paroles-enlair.fr\/wp-content\/uploads\/2024\/03\/Dans-le-jardin-de-Martin-2-300x200.jpg 300w\" sizes=\"(max-width: 720px) 100vw, 720px\" \/><\/a><\/figure>\n\n\n\n<div class=\"wp-block-group is-vertical is-content-justification-center is-nowrap is-layout-flex wp-container-core-group-layout-2 wp-block-group-is-layout-flex\">\n<p class=\"has-text-align-center has-small-font-size\" style=\"font-style:normal;font-weight:600\"><strong> DANS LE JARDIN DE MARTIN<\/strong> <\/p>\n\n\n\n<p class=\"has-text-align-center has-small-font-size\">Conte et objets sous un pommier<\/p>\n\n\n\n<p class=\"has-text-align-center has-small-font-size\">\u00e0 partir de 2 ans<\/p>\n\n\n\n<div style=\"height:19px\" aria-hidden=\"true\" class=\"wp-block-spacer wp-container-content-1\"><\/div>\n\n\n\n<div class=\"wp-block-buttons is-layout-flex wp-block-buttons-is-layout-flex\">\n<div class=\"wp-block-button is-style-fill\"><a class=\"wp-block-button__link has-contrast-color has-text-color has-background has-link-color wp-element-button\" href=\"https:\/\/paroles-enlair.fr\/?page_id=262\" style=\"border-radius:100px;background-color:#fee600\">En savoir plus<\/a><\/div>\n<\/div>\n<\/div>\n\n\n\n<div style=\"height:12px\" aria-hidden=\"true\" class=\"wp-block-spacer\"><\/div>\n<\/div>\n\n\n\n<div class=\"wp-block-column is-layout-flow wp-block-column-is-layout-flow\">\n<figure class=\"wp-block-image size-full\"><a href=\"https:\/\/paroles-enlair.fr\/?page_id=284\"><img loading=\"lazy\" decoding=\"async\" width=\"645\" height=\"645\" src=\"https:\/\/paroles-enlair.fr\/wp-content\/uploads\/2024\/03\/Francis_Halle_-carre.jpg\" alt=\"\" class=\"wp-image-243\" srcset=\"https:\/\/paroles-enlair.fr\/wp-content\/uploads\/2024\/03\/Francis_Halle_-carre.jpg 645w, https:\/\/paroles-enlair.fr\/wp-content\/uploads\/2024\/03\/Francis_Halle_-carre-300x300.jpg 300w, https:\/\/paroles-enlair.fr\/wp-content\/uploads\/2024\/03\/Francis_Halle_-carre-150x150.jpg 150w\" sizes=\"(max-width: 645px) 100vw, 645px\" \/><\/a><\/figure>\n\n\n\n<div class=\"wp-block-group is-vertical is-content-justification-center is-nowrap is-layout-flex wp-container-core-group-layout-3 wp-block-group-is-layout-flex\">\n<p class=\"has-text-align-center has-small-font-size\" style=\"font-style:normal;font-weight:600\"><strong>SECRETS D&rsquo;ARBRES<\/strong> <\/p>\n\n\n\n<p class=\"has-text-align-center has-small-font-size\">Causerie <\/p>\n\n\n\n<p class=\"has-text-align-center has-small-font-size\">mythologico-scientifique<\/p>\n\n\n\n<div style=\"height:19px\" aria-hidden=\"true\" class=\"wp-block-spacer wp-container-content-2\"><\/div>\n\n\n\n<div class=\"wp-block-buttons is-layout-flex wp-block-buttons-is-layout-flex\">\n<div class=\"wp-block-button is-style-fill\"><a class=\"wp-block-button__link has-contrast-color has-text-color has-background has-link-color wp-element-button\" href=\"https:\/\/paroles-enlair.fr\/?page_id=284\" style=\"border-radius:100px;background-color:#fee600\">En savoir plus<mark style=\"background-color:#fee600\" class=\"has-inline-color has-contrast-color\"><\/mark><\/a><\/div>\n<\/div>\n<\/div>\n<\/div>\n\n\n\n<div class=\"wp-block-column is-layout-flow wp-block-column-is-layout-flow\">\n<figure class=\"wp-block-image size-full is-style-default\"><img loading=\"lazy\" decoding=\"async\" width=\"1200\" height=\"1600\" src=\"https:\/\/paroles-enlair.fr\/wp-content\/uploads\/2024\/03\/IMG-20220626-WA0015.jpg\" alt=\"\" class=\"wp-image-215\" style=\"aspect-ratio:1;object-fit:cover\" srcset=\"https:\/\/paroles-enlair.fr\/wp-content\/uploads\/2024\/03\/IMG-20220626-WA0015.jpg 1200w, https:\/\/paroles-enlair.fr\/wp-content\/uploads\/2024\/03\/IMG-20220626-WA0015-225x300.jpg 225w, https:\/\/paroles-enlair.fr\/wp-content\/uploads\/2024\/03\/IMG-20220626-WA0015-768x1024.jpg 768w, https:\/\/paroles-enlair.fr\/wp-content\/uploads\/2024\/03\/IMG-20220626-WA0015-1152x1536.jpg 1152w\" sizes=\"(max-width: 1200px) 100vw, 1200px\" \/><\/figure>\n\n\n\n<div class=\"wp-block-group is-vertical is-content-justification-center is-nowrap is-layout-flex wp-container-core-group-layout-4 wp-block-group-is-layout-flex\">\n<p class=\"has-text-align-center has-small-font-size\" style=\"font-style:normal;font-weight:600\"> <strong>MONSTRES SACR\u00c9S<\/strong> <\/p>\n\n\n\n<p class=\"has-text-align-center has-small-font-size\">Contes volcaniques<\/p>\n\n\n\n<div style=\"height:42px\" aria-hidden=\"true\" class=\"wp-block-spacer wp-container-content-3\"><\/div>\n\n\n\n<div class=\"wp-block-buttons is-layout-flex wp-block-buttons-is-layout-flex\">\n<div class=\"wp-block-button is-style-fill\"><a class=\"wp-block-button__link has-contrast-color has-text-color has-background has-link-color wp-element-button\" style=\"border-radius:100px;background-color:#fee600\">En savoir plus<\/a><\/div>\n<\/div>\n<\/div>\n<\/div>\n\n\n\n<div class=\"wp-block-column is-layout-flow wp-block-column-is-layout-flow\">\n<figure class=\"wp-block-image size-full is-style-default\"><img loading=\"lazy\" decoding=\"async\" width=\"1248\" height=\"1248\" src=\"https:\/\/paroles-enlair.fr\/wp-content\/uploads\/2024\/03\/balades-1.jpg\" alt=\"\" class=\"wp-image-230\" style=\"aspect-ratio:1;object-fit:cover\" srcset=\"https:\/\/paroles-enlair.fr\/wp-content\/uploads\/2024\/03\/balades-1.jpg 1248w, https:\/\/paroles-enlair.fr\/wp-content\/uploads\/2024\/03\/balades-1-300x300.jpg 300w, https:\/\/paroles-enlair.fr\/wp-content\/uploads\/2024\/03\/balades-1-1024x1024.jpg 1024w, https:\/\/paroles-enlair.fr\/wp-content\/uploads\/2024\/03\/balades-1-150x150.jpg 150w, https:\/\/paroles-enlair.fr\/wp-content\/uploads\/2024\/03\/balades-1-768x768.jpg 768w\" sizes=\"(max-width: 1248px) 100vw, 1248px\" \/><\/figure>\n\n\n\n<div class=\"wp-block-group is-vertical is-content-justification-center is-nowrap is-layout-flex wp-container-core-group-layout-5 wp-block-group-is-layout-flex\">\n<p class=\"has-text-align-center has-small-font-size\" style=\"font-style:normal;font-weight:600\"> <strong>CONTES ET LECTURES SUR LES CHEMINS <\/strong><\/p>\n\n\n\n<p class=\"has-text-align-center has-small-font-size\">Balades sur mesure<\/p>\n\n\n\n<div style=\"height:0px\" aria-hidden=\"true\" class=\"wp-block-spacer wp-container-content-4\"><\/div>\n\n\n\n<div style=\"height:42px\" aria-hidden=\"true\" class=\"wp-block-spacer wp-container-content-5\"><\/div>\n\n\n\n<div class=\"wp-block-buttons is-content-justification-right is-layout-flex wp-container-core-buttons-layout-4 wp-block-buttons-is-layout-flex\">\n<div class=\"wp-block-button is-style-fill\"><a class=\"wp-block-button__link has-contrast-color has-text-color has-background has-link-color has-text-align-right wp-element-button\" style=\"border-radius:100px;background-color:#fee600\">En savoir plus<\/a><\/div>\n<\/div>\n<\/div>\n<\/div>\n<\/div>\n\n\n\n<div style=\"height:40px\" aria-hidden=\"true\" class=\"wp-block-spacer\"><\/div>\n\n\n\n<div class=\"wp-block-columns alignwide is-layout-flex wp-container-core-columns-layout-2 wp-block-columns-is-layout-flex\" style=\"padding-right:0;padding-left:0\">\n<div class=\"wp-block-column is-layout-flow wp-block-column-is-layout-flow\">\n<figure class=\"wp-block-image size-full is-style-default\"><img loading=\"lazy\" decoding=\"async\" width=\"1414\" height=\"1414\" src=\"http:\/\/paroles-enlair.fr\/wp-content\/uploads\/2024\/12\/Une-vie-de-chien-Carre.jpg\" alt=\"\" class=\"wp-image-460\" style=\"aspect-ratio:1;object-fit:cover\" srcset=\"https:\/\/paroles-enlair.fr\/wp-content\/uploads\/2024\/12\/Une-vie-de-chien-Carre.jpg 1414w, https:\/\/paroles-enlair.fr\/wp-content\/uploads\/2024\/12\/Une-vie-de-chien-Carre-300x300.jpg 300w, https:\/\/paroles-enlair.fr\/wp-content\/uploads\/2024\/12\/Une-vie-de-chien-Carre-1024x1024.jpg 1024w, https:\/\/paroles-enlair.fr\/wp-content\/uploads\/2024\/12\/Une-vie-de-chien-Carre-150x150.jpg 150w, https:\/\/paroles-enlair.fr\/wp-content\/uploads\/2024\/12\/Une-vie-de-chien-Carre-768x768.jpg 768w\" sizes=\"(max-width: 1414px) 100vw, 1414px\" \/><\/figure>\n\n\n\n<div class=\"wp-block-group is-vertical is-content-justification-center is-nowrap is-layout-flex wp-container-core-group-layout-6 wp-block-group-is-layout-flex\">\n<p class=\"has-text-align-center has-small-font-size\" style=\"font-style:normal;font-weight:600\"><strong> UNE VIE DE CHIEN<\/strong><\/p>\n\n\n\n<p class=\"has-text-align-center has-small-font-size\">Conf\u00e9rence gesticul\u00e9e<\/p>\n\n\n\n<p class=\"has-text-align-center has-small-font-size\">\u00e0 partir de 12 ans<\/p>\n\n\n\n<div style=\"height:19px\" aria-hidden=\"true\" class=\"wp-block-spacer wp-container-content-6\"><\/div>\n\n\n\n<div class=\"wp-block-buttons is-layout-flex wp-block-buttons-is-layout-flex\">\n<div class=\"wp-block-button is-style-fill\"><a class=\"wp-block-button__link has-contrast-color has-text-color has-background has-link-color wp-element-button\" style=\"border-radius:100px;background-color:#fee600\">En savoir plus<\/a><\/div>\n<\/div>\n<\/div>\n\n\n\n<div style=\"height:12px\" aria-hidden=\"true\" class=\"wp-block-spacer\"><\/div>\n<\/div>\n\n\n\n<div class=\"wp-block-column is-layout-flow wp-block-column-is-layout-flow\">\n<figure class=\"wp-block-image size-full\"><img loading=\"lazy\" decoding=\"async\" width=\"2479\" height=\"2479\" src=\"http:\/\/paroles-enlair.fr\/wp-content\/uploads\/2024\/03\/x-plaq-La-Cagette-des-Poetes-1.jpg\" alt=\"\" class=\"wp-image-239\" srcset=\"https:\/\/paroles-enlair.fr\/wp-content\/uploads\/2024\/03\/x-plaq-La-Cagette-des-Poetes-1.jpg 2479w, https:\/\/paroles-enlair.fr\/wp-content\/uploads\/2024\/03\/x-plaq-La-Cagette-des-Poetes-1-300x300.jpg 300w, https:\/\/paroles-enlair.fr\/wp-content\/uploads\/2024\/03\/x-plaq-La-Cagette-des-Poetes-1-1024x1024.jpg 1024w, https:\/\/paroles-enlair.fr\/wp-content\/uploads\/2024\/03\/x-plaq-La-Cagette-des-Poetes-1-150x150.jpg 150w, https:\/\/paroles-enlair.fr\/wp-content\/uploads\/2024\/03\/x-plaq-La-Cagette-des-Poetes-1-768x768.jpg 768w, https:\/\/paroles-enlair.fr\/wp-content\/uploads\/2024\/03\/x-plaq-La-Cagette-des-Poetes-1-1536x1536.jpg 1536w, https:\/\/paroles-enlair.fr\/wp-content\/uploads\/2024\/03\/x-plaq-La-Cagette-des-Poetes-1-2048x2048.jpg 2048w\" sizes=\"(max-width: 2479px) 100vw, 2479px\" \/><\/figure>\n\n\n\n<div class=\"wp-block-group is-vertical is-content-justification-center is-nowrap is-layout-flex wp-container-core-group-layout-7 wp-block-group-is-layout-flex\">\n<p class=\"has-text-align-center has-small-font-size\" style=\"font-style:normal;font-weight:600\"><strong>LA CAGETTE DES POETES <\/strong><\/p>\n\n\n\n<p class=\"has-text-align-center has-small-font-size\">Lecture potag\u00e8re <\/p>\n\n\n\n<p class=\"has-text-align-center has-small-font-size\">d\u00e9ambulatoire et intimiste<\/p>\n\n\n\n<div style=\"height:19px\" aria-hidden=\"true\" class=\"wp-block-spacer wp-container-content-7\"><\/div>\n\n\n\n<div class=\"wp-block-buttons is-layout-flex wp-block-buttons-is-layout-flex\">\n<div class=\"wp-block-button is-style-fill\"><a class=\"wp-block-button__link has-contrast-color has-text-color has-background has-link-color wp-element-button\" style=\"border-radius:100px;background-color:#fee600\">En savoir plus<mark style=\"background-color:#fee600\" class=\"has-inline-color has-contrast-color\"><\/mark><\/a><\/div>\n<\/div>\n<\/div>\n<\/div>\n\n\n\n<div class=\"wp-block-column is-layout-flow wp-block-column-is-layout-flow\">\n<figure class=\"wp-block-image size-full is-style-default\"><a href=\"http:\/\/paroles-enlair.fr\/?page_id=386\" target=\"_blank\" rel=\"noreferrer noopener\"><img loading=\"lazy\" decoding=\"async\" width=\"868\" height=\"868\" src=\"http:\/\/paroles-enlair.fr\/wp-content\/uploads\/2024\/04\/Les-Zinzins-de-lAssiette-affiche-2.png\" alt=\"\" class=\"wp-image-381\" style=\"aspect-ratio:1;object-fit:cover\" srcset=\"https:\/\/paroles-enlair.fr\/wp-content\/uploads\/2024\/04\/Les-Zinzins-de-lAssiette-affiche-2.png 868w, https:\/\/paroles-enlair.fr\/wp-content\/uploads\/2024\/04\/Les-Zinzins-de-lAssiette-affiche-2-300x300.png 300w, https:\/\/paroles-enlair.fr\/wp-content\/uploads\/2024\/04\/Les-Zinzins-de-lAssiette-affiche-2-150x150.png 150w, https:\/\/paroles-enlair.fr\/wp-content\/uploads\/2024\/04\/Les-Zinzins-de-lAssiette-affiche-2-768x768.png 768w\" sizes=\"(max-width: 868px) 100vw, 868px\" \/><\/a><\/figure>\n\n\n\n<div class=\"wp-block-group is-vertical is-content-justification-center is-nowrap is-layout-flex wp-container-core-group-layout-8 wp-block-group-is-layout-flex\">\n<p class=\"has-text-align-center has-small-font-size\" style=\"font-style:normal;font-weight:600\"> <strong>LES ZINZINS DE L&rsquo;ASSIETTE <\/strong><\/p>\n\n\n\n<p class=\"has-text-align-center has-small-font-size\">Lecture gourmande en chansons<\/p>\n\n\n\n<p class=\"has-small-font-size\">\u00e0 partir de 8 ans<\/p>\n\n\n\n<div style=\"height:19px\" aria-hidden=\"true\" class=\"wp-block-spacer wp-container-content-8\"><\/div>\n\n\n\n<div class=\"wp-block-buttons is-layout-flex wp-block-buttons-is-layout-flex\">\n<div class=\"wp-block-button is-style-fill\"><a class=\"wp-block-button__link has-contrast-color has-text-color has-background has-link-color wp-element-button\" href=\"http:\/\/paroles-enlair.fr\/?page_id=386\" style=\"border-radius:100px;background-color:#fee600\" target=\"_blank\" rel=\"noreferrer noopener\">En savoir plus<\/a><\/div>\n<\/div>\n<\/div>\n<\/div>\n\n\n\n<div class=\"wp-block-column is-layout-flow wp-block-column-is-layout-flow\">\n<figure class=\"wp-block-image size-full is-style-default\"><img loading=\"lazy\" decoding=\"async\" width=\"539\" height=\"528\" src=\"http:\/\/paroles-enlair.fr\/wp-content\/uploads\/2024\/02\/dentdelion-2.jpg\" alt=\"\" class=\"wp-image-37\" style=\"aspect-ratio:1;object-fit:cover\" srcset=\"https:\/\/paroles-enlair.fr\/wp-content\/uploads\/2024\/02\/dentdelion-2.jpg 539w, https:\/\/paroles-enlair.fr\/wp-content\/uploads\/2024\/02\/dentdelion-2-300x294.jpg 300w\" sizes=\"(max-width: 539px) 100vw, 539px\" \/><\/figure>\n\n\n\n<div class=\"wp-block-group is-vertical is-content-justification-center is-nowrap is-layout-flex wp-container-core-group-layout-9 wp-block-group-is-layout-flex\">\n<p class=\"has-text-align-center has-small-font-size\" style=\"font-style:normal;font-weight:600\"> <strong>COMME \u00c7A VOUS CHANTE<\/strong><\/p>\n\n\n\n<p class=\"has-text-align-center has-small-font-size\">Contes rien que pour vous<\/p>\n\n\n\n<div style=\"height:0px\" aria-hidden=\"true\" class=\"wp-block-spacer wp-container-content-9\"><\/div>\n\n\n\n<div style=\"height:42px\" aria-hidden=\"true\" class=\"wp-block-spacer wp-container-content-10\"><\/div>\n\n\n\n<div class=\"wp-block-buttons is-content-justification-right is-layout-flex wp-container-core-buttons-layout-8 wp-block-buttons-is-layout-flex\">\n<div class=\"wp-block-button is-style-fill\"><a class=\"wp-block-button__link has-contrast-color has-text-color has-background has-link-color has-text-align-right wp-element-button\" style=\"border-radius:100px;background-color:#fee600\">En savoir plus<\/a><\/div>\n<\/div>\n<\/div>\n<\/div>\n<\/div>\n\n\n\n<div style=\"height:17px\" aria-hidden=\"true\" class=\"wp-block-spacer\"><\/div>\n\n\n\n<div class=\"wp-block-columns alignwide is-layout-flex wp-container-core-columns-layout-3 wp-block-columns-is-layout-flex\" style=\"padding-right:0;padding-left:0\">\n<div class=\"wp-block-column is-layout-flow wp-block-column-is-layout-flow\">\n<figure class=\"wp-block-image size-full is-style-default\"><img loading=\"lazy\" decoding=\"async\" width=\"379\" height=\"379\" src=\"http:\/\/paroles-enlair.fr\/wp-content\/uploads\/2024\/03\/LD.jpg\" alt=\"\" class=\"wp-image-242\" style=\"aspect-ratio:1;object-fit:cover\" srcset=\"https:\/\/paroles-enlair.fr\/wp-content\/uploads\/2024\/03\/LD.jpg 379w, https:\/\/paroles-enlair.fr\/wp-content\/uploads\/2024\/03\/LD-300x300.jpg 300w, https:\/\/paroles-enlair.fr\/wp-content\/uploads\/2024\/03\/LD-150x150.jpg 150w\" sizes=\"(max-width: 379px) 100vw, 379px\" \/><\/figure>\n\n\n\n<div class=\"wp-block-group is-vertical is-content-justification-center is-nowrap is-layout-flex wp-container-core-group-layout-10 wp-block-group-is-layout-flex\">\n<p class=\"has-text-align-center has-small-font-size\" style=\"font-style:normal;font-weight:600\"> <strong>SUEURS FROIDES<\/strong> <\/p>\n\n\n\n<p class=\"has-text-align-center has-small-font-size\">Contes hant\u00e9s des nuits noires       <\/p>\n\n\n\n<p class=\"has-text-align-center has-small-font-size\">\u00e0 partir de 12 ans <\/p>\n\n\n\n<div style=\"height:20px\" aria-hidden=\"true\" class=\"wp-block-spacer wp-container-content-11\"><\/div>\n\n\n\n<div class=\"wp-block-buttons is-content-justification-right is-layout-flex wp-container-core-buttons-layout-9 wp-block-buttons-is-layout-flex\">\n<div class=\"wp-block-button is-style-fill\"><a class=\"wp-block-button__link has-contrast-color has-text-color has-background has-link-color has-text-align-right wp-element-button\" style=\"border-radius:100px;background-color:#fee600\">En savoir plus<\/a><\/div>\n<\/div>\n<\/div>\n<\/div>\n\n\n\n<div class=\"wp-block-column is-layout-flow wp-block-column-is-layout-flow\">\n<figure class=\"wp-block-image size-full is-style-default\"><img loading=\"lazy\" decoding=\"async\" width=\"502\" height=\"502\" src=\"http:\/\/paroles-enlair.fr\/wp-content\/uploads\/2024\/03\/halloween.jpeg\" alt=\"\" class=\"wp-image-232\" style=\"aspect-ratio:1;object-fit:cover\" srcset=\"https:\/\/paroles-enlair.fr\/wp-content\/uploads\/2024\/03\/halloween.jpeg 502w, https:\/\/paroles-enlair.fr\/wp-content\/uploads\/2024\/03\/halloween-300x300.jpeg 300w, https:\/\/paroles-enlair.fr\/wp-content\/uploads\/2024\/03\/halloween-150x150.jpeg 150w\" sizes=\"(max-width: 502px) 100vw, 502px\" \/><\/figure>\n\n\n\n<div class=\"wp-block-group is-vertical is-content-justification-center is-nowrap is-layout-flex wp-container-core-group-layout-11 wp-block-group-is-layout-flex\">\n<p class=\"has-small-font-size\" style=\"font-style:normal;font-weight:600\"><strong>M\u00caME PAS PEUR! <\/strong><\/p>\n\n\n\n<p class=\"has-text-align-center has-small-font-size\">Contes courageux <\/p>\n\n\n\n<p class=\"has-text-align-center has-small-font-size\">\u00e0 partir de 4 ans<\/p>\n\n\n\n<div style=\"height:20px\" aria-hidden=\"true\" class=\"wp-block-spacer wp-container-content-12\"><\/div>\n\n\n\n<div class=\"wp-block-buttons is-content-justification-right is-layout-flex wp-container-core-buttons-layout-10 wp-block-buttons-is-layout-flex\">\n<div class=\"wp-block-button is-style-fill\"><a class=\"wp-block-button__link has-contrast-color has-text-color has-background has-link-color has-text-align-right wp-element-button\" href=\"http:\/\/paroles-enlair.fr\/?page_id=428\" style=\"border-radius:100px;background-color:#fee600\" target=\"_blank\" rel=\"noreferrer noopener\">En savoir plus<\/a><\/div>\n<\/div>\n<\/div>\n<\/div>\n\n\n\n<div class=\"wp-block-column is-layout-flow wp-block-column-is-layout-flow\"><\/div>\n\n\n\n<div class=\"wp-block-column is-layout-flow wp-block-column-is-layout-flow\">\n<div style=\"height:17px\" aria-hidden=\"true\" class=\"wp-block-spacer\"><\/div>\n<\/div>\n<\/div>\n<\/div>\n\n\n\n<div class=\"wp-block-columns is-layout-flex wp-container-core-columns-layout-4 wp-block-columns-is-layout-flex\">\n<div class=\"wp-block-column is-layout-flow wp-block-column-is-layout-flow\"><\/div>\n\n\n\n<div class=\"wp-block-column is-layout-flow wp-block-column-is-layout-flow\"><\/div>\n<\/div>\n","protected":false},"excerpt":{"rendered":"<p>Nos Spectacles Nos spectacles s&rsquo;adressent \u00e0 un public familial sauf indication contraire, et sont autonomes en technique. DANS LE JARDIN DE MARTIN Conte et objets sous un pommier \u00e0 partir de 2 ans SECRETS D&rsquo;ARBRES Causerie mythologico-scientifique MONSTRES SACR\u00c9S Contes volcaniques CONTES ET LECTURES SUR LES CHEMINS Balades sur mesure UNE VIE DE CHIEN Conf\u00e9rence [&hellip;]<\/p>\n","protected":false},"author":1,"featured_media":0,"parent":0,"menu_order":0,"comment_status":"closed","ping_status":"closed","template":"","meta":{"footnotes":""},"_links":{"self":[{"href":"https:\/\/paroles-enlair.fr\/index.php?rest_route=\/wp\/v2\/pages\/59"}],"collection":[{"href":"https:\/\/paroles-enlair.fr\/index.php?rest_route=\/wp\/v2\/pages"}],"about":[{"href":"https:\/\/paroles-enlair.fr\/index.php?rest_route=\/wp\/v2\/types\/page"}],"author":[{"embeddable":true,"href":"https:\/\/paroles-enlair.fr\/index.php?rest_route=\/wp\/v2\/users\/1"}],"replies":[{"embeddable":true,"href":"https:\/\/paroles-enlair.fr\/index.php?rest_route=%2Fwp%2Fv2%2Fcomments&post=59"}],"version-history":[{"count":58,"href":"https:\/\/paroles-enlair.fr\/index.php?rest_route=\/wp\/v2\/pages\/59\/revisions"}],"predecessor-version":[{"id":472,"href":"https:\/\/paroles-enlair.fr\/index.php?rest_route=\/wp\/v2\/pages\/59\/revisions\/472"}],"wp:attachment":[{"href":"https:\/\/paroles-enlair.fr\/index.php?rest_route=%2Fwp%2Fv2%2Fmedia&parent=59"}],"curies":[{"name":"wp","href":"https:\/\/api.w.org\/{rel}","templated":true}]}}