{"id":97,"date":"2024-03-28T01:15:24","date_gmt":"2024-03-28T00:15:24","guid":{"rendered":"https:\/\/paroles-enlair.fr\/?page_id=97"},"modified":"2024-04-09T02:56:48","modified_gmt":"2024-04-09T00:56:48","slug":"qui-sommes-nous","status":"publish","type":"page","link":"https:\/\/paroles-enlair.fr\/?page_id=97","title":{"rendered":"Qui sommes nous"},"content":{"rendered":"\n<p style=\"padding-top:var(--wp--preset--spacing--30);font-size:clamp(14px, 0.875rem + ((1vw - 3.2px) * 0.417), 18px);font-style:normal;font-weight:500;letter-spacing:1px\">Paroles en l\u2019air est le projet artistique d\u00e9velopp\u00e9 par&nbsp; Laurence Calabrese.<\/p>\n\n\n\n<div class=\"wp-block-group has-global-padding is-layout-constrained wp-block-group-is-layout-constrained\">\n<h2 class=\"wp-block-heading has-text-color has-link-color wp-elements-f0c0ef76d008ff8c2c05b4cc1ac5598b\" style=\"color:#699b0d;text-transform:none\">Une parole nue, au plus proche du public.<\/h2>\n<\/div>\n\n\n\n<p>Chez Paroles en l\u2019air &nbsp;nous d\u00e9fendons un th\u00e9\u00e2tre de la relation, dans tous les sens du terme : celui qui relate, celui qui relie.<\/p>\n\n\n\n<h3 class=\"wp-block-heading has-text-color has-link-color wp-elements-d6c2ce9c2d177cbf28c82df2e6898653\" style=\"color:#699b0d\"><em><strong>Relater&nbsp;:<\/strong><\/em><\/h3>\n\n\n\n<p style=\"letter-spacing:1px\">Nous faisons appel au <strong>Conte<\/strong>, au th\u00e9\u00e2tre r\u00e9cit, \u00e0 la <strong><u>lecture \u00e0 voix haute<\/u><\/strong>, \u00e9laborons des causeries \u2026<\/p>\n\n\n\n<p style=\"letter-spacing:1px\">Persuad\u00e9s que \u00ab&nbsp;Pour que le r\u00e9cit se transmette, pour que l\u2019\u00e9motion naisse, il peut suffire de regarder le spectateur dans les yeux, dire une phrase et dessiner un geste.&nbsp;\u00bb<\/p>\n\n\n\n<p style=\"letter-spacing:1px\">avec le concours d\u2019autre disciplines artistiques&nbsp;: <strong>musique<\/strong> et <strong>chant<\/strong>, <strong>danse<\/strong>, <strong>th\u00e9\u00e2tre d\u2019objet<\/strong>, marionnette\u2026<\/p>\n\n\n\n<h3 class=\"wp-block-heading has-text-color has-link-color wp-elements-2710f5eaef11a835e3dc52c43a63f7f0\" style=\"color:#699b0d\"><em><strong>Relier&nbsp;:<\/strong><\/em><\/h3>\n\n\n\n<p style=\"font-size:clamp(14px, 0.875rem + ((1vw - 3.2px) * 0.417), 18px);font-style:normal;font-weight:500;letter-spacing:1px\"><em>Relier, c\u2019est d\u2019abord aller \u00e0 la rencontre&nbsp;:<\/em><\/p>\n\n\n\n<p style=\"letter-spacing:1px\">Nos spectacles privil\u00e9gient les formes minimalistes et&nbsp;l\u2019autonomie&nbsp;: Sans d\u00e9cor, seulement quelques accessoires de jeu, &nbsp;et des besoins techniques r\u00e9duits que nous fournissons, tout rentre dans une voiture! Nous pouvons nous d\u00e9placer facilement, jusque dans les moindres villages, et pouvons nous installer partout&nbsp;: salle de classe, m\u00e9diath\u00e8que, salle des f\u00eates, et m\u00eame en ext\u00e9rieur, sur un march\u00e9, dans des ruelles ou des chemins: de fa\u00e7on \u00e0 pouvoir jouer partout, et au plus pr\u00e8s du public.<\/p>\n\n\n\n<p style=\"font-style:normal;font-weight:500;letter-spacing:1px\"><em>C\u2019est aussi le rapport au public&nbsp;:<\/em><\/p>\n\n\n\n<p style=\"letter-spacing:1px\">Dans nos spectacles, les interpr\u00e8tes s\u2019adressent directement au public, et le spectacle se nourrit de cette relation&nbsp;artiste\/public.<\/p>\n\n\n\n<p style=\"letter-spacing:1px\">Chaque spectateur participe activement en construisant des images \u00e0 partir des situations sugg\u00e9r\u00e9es par le conteur, ou le po\u00e8te.<\/p>\n\n\n\n<p style=\"letter-spacing:1px\">Ce n\u2019est pas un lien \u00e0 sens unique, et nos cr\u00e9ations peuvent s\u2019inspirer de paroles collect\u00e9es. <\/p>\n\n\n\n<h2 class=\"wp-block-heading has-text-color has-link-color wp-elements-55c454da34c280d6c3ce448f2175dedf\" style=\"color:#699b0d;text-transform:none\">Des spectacles vivants!<\/h2>\n\n\n\n<p style=\"letter-spacing:1px\">Notre travail cr\u00e9atif se veut un acte citoyen, sous-tendu par les grandes probl\u00e9matiques actuelles du devenir de la plan\u00e8te et de l\u2019humain.<\/p>\n\n\n\n<p style=\"letter-spacing:1px\">Il permet \u00e0 chacun de toucher, de mani\u00e8re sensible, son appartenance au monde vivant,de questionner le r\u00f4le qu&rsquo;il souhaite y jouer, et sa relation aux autres, humains et non humains.<\/p>\n\n\n\n<blockquote class=\"wp-block-quote is-style-plain\">\n<p style=\"letter-spacing:1px\"><em>\u00ab Accepter notre identit\u00e9 de vivant, renouer avec notre animalit\u00e9 pens\u00e9e ni comme primalit\u00e9 \u00e0 surmonter, ni comme sauvagerie plus pure, mais comme h\u00e9ritage riche \u00e0 accueillir et \u00e0 moduler, c\u2019est accepter notre destin commun avec le reste des vivants. \u00bb.&nbsp;<\/em><\/p>\n\n\n\n<p class=\"has-contrast-2-color has-text-color has-link-color wp-elements-d17d4f6cf478649268ea122a65d3d538\" style=\"letter-spacing:1px\"><strong>Baptiste Morizot<\/strong> dans <em>Mani\u00e8res d\u2019\u00eatre vivant<\/em>.<\/p>\n<\/blockquote>\n\n\n\n<p class=\"has-contrast-2-color has-text-color has-link-color wp-elements-2f73aa3457ea0966e373d41cf9ac92ae\"><strong>Spectacles&nbsp;:<\/strong>&nbsp;\u00ab&nbsp;dans le jardin de Martin&nbsp;\u00bb \u00ab&nbsp;Secrets d\u2019arbres&nbsp;\u00bb \u00ab&nbsp;la cagette des po\u00e8tes&nbsp;\u00bb \u00ab&nbsp;Les monstres sacr\u00e9s&nbsp;\u00bb<\/p>\n\n\n\n<p>Depuis notre causerie \u00ab\u00a0Secrets d&rsquo;Arbres\u00a0\u00bb, nous explorons des formes m\u00ealant conte, sciences du vivant et \u00e9cologie.<\/p>\n\n\n\n<div class=\"wp-block-buttons is-layout-flex wp-block-buttons-is-layout-flex\">\n<div class=\"wp-block-button is-style-fill\"><a class=\"wp-block-button__link has-contrast-color has-text-color has-background has-link-color wp-element-button\" href=\"https:\/\/paroles-enlair.fr\/?page_id=59\" style=\"border-radius:100px;background-color:#fee600\" target=\"_blank\" rel=\"noreferrer noopener\">D\u00e9couvrir nos spectacles<\/a><\/div>\n<\/div>\n\n\n\n<h2 class=\"wp-block-heading has-text-color has-link-color wp-elements-835d3f214b7d8d119277b481f3a9143e\" style=\"color:#699b0d\">Conception de gestes, formes, actes artistiques sur mesure\u00a0:<\/h2>\n\n\n\n<p style=\"letter-spacing:1px\">C&rsquo;est bien connu, la cr\u00e9ativit\u00e9 se nourrit de contraintes, alors r\u00e9pondre \u00e0 des commandes, nous on aime bien \u00e7a!<\/p>\n\n\n\n<p style=\"letter-spacing:1px\">La parole de l\u2019artiste se met alors au service d\u2019un autre projet, dans le cadre d\u2019un partenariat. L\u00e0 encore, il s&rsquo;agit de faire du lien. Au fil des ans, nous avons d\u00e9velopp\u00e9 des comp\u00e9tences et savoirs faire en mati\u00e8re de:<\/p>\n\n\n\n<ul>\n<li><mark style=\"background-color:rgba(0, 0, 0, 0);color:#699b0d\" class=\"has-inline-color\"><strong>Mise en valeur des patrimoines b\u00e2tis ou naturels<\/strong><\/mark><strong><mark style=\"background-color:rgba(0, 0, 0, 0);color:#699b0d\" class=\"has-inline-color\">\u00a0<\/mark>: <\/strong>balades cont\u00e9es, po\u00e9tiques, musicales, cr\u00e9\u00e9es sur mesure en fonction des paysages travers\u00e9s.<\/li>\n\n\n\n<li><strong><mark style=\"background-color:rgba(0, 0, 0, 0);color:#699b0d\" class=\"has-inline-color\">M\u00e9diation mus\u00e9ale\u00a0:<\/mark> <\/strong>nuits des mus\u00e9es, balades cont\u00e9es inspir\u00e9es des collections pour un public familial, et m\u00eame des tout petits.<\/li>\n\n\n\n<li><strong><mark style=\"background-color:rgba(0, 0, 0, 0);color:#699b0d\" class=\"has-inline-color\">M\u00e9diation scientifique :<\/mark><\/strong> Il peut s\u2019agir aussi de participer \u00e0 la circulation de savoirs, au partage de connaissances. Paroles en l&rsquo;air d\u00e9bute un partenariat avec l&rsquo;INRAE de Clermont-Ferrand et son projet <a href=\"https:\/\/projet-coccinelle.hub.inrae.fr\/decouvrez-coccinelle\" data-type=\"link\" data-id=\"https:\/\/projet-coccinelle.hub.inrae.fr\/decouvrez-coccinelle\" target=\"_blank\" rel=\"noreferrer noopener\">COCCINELLE<\/a>, dont la premi\u00e8re \u00e9tape sera la co-conception d&rsquo;un sentier p\u00e9dagogique sur le site de Marcenat.<\/li>\n<\/ul>\n\n\n\n<div class=\"wp-block-buttons is-layout-flex wp-block-buttons-is-layout-flex\">\n<div class=\"wp-block-button is-style-outline\"><a class=\"wp-block-button__link has-text-color has-background has-link-color wp-element-button\" style=\"border-style:none;border-width:0px;border-radius:100px;color:#fee600;background-color:#fee600\"><mark style=\"background-color:#fee600\" class=\"has-inline-color has-contrast-color\">En savoir plus<\/mark><\/a><\/div>\n<\/div>\n\n\n\n<h2 class=\"wp-block-heading has-text-color has-link-color wp-elements-9d78eb6a08478374f38e78a2d9235a10\" style=\"color:#699b0d\">Transmission, \u00e9ducation et accompagnement artistique&nbsp;:<\/h2>\n\n\n\n<p>Il nous tient \u00e0 c\u0153ur de partager la joie de la cr\u00e9ation et le plaisir du jeu, en animant des ateliers o\u00f9 le savoir \u00eatre est aussi important que le savoir faire, autour de nos domaines de pr\u00e9dilection: Le conte, le th\u00e9\u00e2tre contemporain, la lecture \u00e0 voix haute, le chant.<\/p>\n\n\n\n<ul class=\"has-contrast-2-color has-text-color has-link-color wp-elements-521fb27dc2dc5cd1c5c3d0fbf14b0269\">\n<li><strong>Ateliers r\u00e9guliers ou p\u00e9riodiques<\/strong><\/li>\n\n\n\n<li><strong>Actions de m\u00e9diation en lien avec nos spectacles<\/strong><\/li>\n\n\n\n<li><strong>Stages et formations<\/strong><\/li>\n\n\n\n<li><strong>Accompagnement de pratiques amateurs ou professionnelles<\/strong><\/li>\n<\/ul>\n\n\n\n<p>Ces Ateliers de pratique s&rsquo;adressent \u00e0 toutes sortes de public, allant des n\u00e9ophytes aux professionnels, des classes de maternelle jusqu&rsquo;aux ain\u00e9s r\u00e9sidant en EHPAD, en passant par des adultes en milieu carc\u00e9ral.<\/p>\n\n\n\n<div class=\"wp-block-buttons is-layout-flex wp-block-buttons-is-layout-flex\">\n<div class=\"wp-block-button is-style-fill\"><a class=\"wp-block-button__link has-background wp-element-button\" href=\"https:\/\/paroles-enlair.fr\/?page_id=98\" style=\"border-radius:100px;background-color:#fee600\"><mark style=\"background-color:#fee600\" class=\"has-inline-color has-contrast-color\">En savoir plus<\/mark><\/a><\/div>\n<\/div>\n\n\n\n<p><strong>Concertation naturelle th\u00e9\u00e2tralis\u00e9e, sensibilisation. Recherche de solutions.<\/strong><\/p>\n\n\n\n<p><strong>Education populaire.<\/strong><\/p>\n","protected":false},"excerpt":{"rendered":"<p>Paroles en l\u2019air est le projet artistique d\u00e9velopp\u00e9 par&nbsp; Laurence Calabrese. Une parole nue, au plus proche du public. Chez Paroles en l\u2019air &nbsp;nous d\u00e9fendons un th\u00e9\u00e2tre de la relation, dans tous les sens du terme : celui qui relate, celui qui relie. Relater&nbsp;: Nous faisons appel au Conte, au th\u00e9\u00e2tre r\u00e9cit, \u00e0 la lecture [&hellip;]<\/p>\n","protected":false},"author":1,"featured_media":0,"parent":0,"menu_order":0,"comment_status":"closed","ping_status":"closed","template":"","meta":{"footnotes":""},"_links":{"self":[{"href":"https:\/\/paroles-enlair.fr\/index.php?rest_route=\/wp\/v2\/pages\/97"}],"collection":[{"href":"https:\/\/paroles-enlair.fr\/index.php?rest_route=\/wp\/v2\/pages"}],"about":[{"href":"https:\/\/paroles-enlair.fr\/index.php?rest_route=\/wp\/v2\/types\/page"}],"author":[{"embeddable":true,"href":"https:\/\/paroles-enlair.fr\/index.php?rest_route=\/wp\/v2\/users\/1"}],"replies":[{"embeddable":true,"href":"https:\/\/paroles-enlair.fr\/index.php?rest_route=%2Fwp%2Fv2%2Fcomments&post=97"}],"version-history":[{"count":18,"href":"https:\/\/paroles-enlair.fr\/index.php?rest_route=\/wp\/v2\/pages\/97\/revisions"}],"predecessor-version":[{"id":405,"href":"https:\/\/paroles-enlair.fr\/index.php?rest_route=\/wp\/v2\/pages\/97\/revisions\/405"}],"wp:attachment":[{"href":"https:\/\/paroles-enlair.fr\/index.php?rest_route=%2Fwp%2Fv2%2Fmedia&parent=97"}],"curies":[{"name":"wp","href":"https:\/\/api.w.org\/{rel}","templated":true}]}}