{"id":98,"date":"2024-03-20T16:00:19","date_gmt":"2024-03-20T15:00:19","guid":{"rendered":"https:\/\/paroles-enlair.fr\/?page_id=98"},"modified":"2024-08-22T13:55:17","modified_gmt":"2024-08-22T11:55:17","slug":"ateliers-mediations","status":"publish","type":"page","link":"https:\/\/paroles-enlair.fr\/?page_id=98","title":{"rendered":"Ateliers\/M\u00e9diations"},"content":{"rendered":"\n<div style=\"height:59px\" aria-hidden=\"true\" class=\"wp-block-spacer\"><\/div>\n\n\n\n<p>Les ateliers sont anim\u00e9s par Laurence Calabrese, qui partage depuis trente ans ses comp\u00e9tences de com\u00e9dienne, de chanteuse et de conteuse, aupr\u00e8s de publics vari\u00e9s allant de classes de maternelles \u00e0 des adultes en milieu carc\u00e9ral, de l\u2019encadrement de pratiques amateurs \u00e0 l\u2019accompagnement de professionnels.<\/p>\n\n\n\n<p>Form\u00e9e \u00e0 la direction d\u2019acteurs, et \u00e0 la p\u00e9dagogie de la voix, elle anime des ateliers th\u00e9\u00e2tre, conte, lecture \u00e0 voix haute et chant.<\/p>\n\n\n\n<p>Elle a d\u00e9velopp\u00e9 une p\u00e9dagogie ludique et inclusive, alliant exercices pratiques (collectifs et individuels) et apports th\u00e9oriques, nourrie d\u2019une connaissance et d\u2019une lecture fine des corps et des \u00e9motions, ainsi que d\u2019une formation solide et vari\u00e9e aux techniques de sc\u00e8ne.<\/p>\n\n\n\n<p>Dans nos ateliers, le savoir \u00eatre est aussi important que le savoir faire. Les maitres mots sont la bienveillance, l&rsquo;\u00e9coute, le respect, le jeu, le plaisir, le faire ensemble. <\/p>\n\n\n\n<div style=\"height:46px\" aria-hidden=\"true\" class=\"wp-block-spacer\"><\/div>\n\n\n\n<h2 class=\"wp-block-heading has-text-color has-link-color wp-elements-047e365d4466a887f5145bac85e5edbf\" style=\"color:#699b0d\">Ateliers Th\u00e9\u00e2tre enfants<\/h2>\n\n\n\n<p><strong>Pour les enfants de 6 \u00e0 10 ans<\/strong><\/p>\n\n\n\n<ul>\n<li>Au local partag\u00e9 de Montcel, <\/li>\n\n\n\n<li>les mercredis de 16h \u00e0 17h30, hors vacances scolaires<\/li>\n\n\n\n<li>A partir du 18 septembre 2024<\/li>\n\n\n\n<li>Tarif: 220 euros de septembre \u00e0 fin juin (paiement au trimestre possible)<\/li>\n<\/ul>\n\n\n\n<p>Premi\u00e8re s\u00e9ance d&rsquo;essai gratuite.<\/p>\n\n\n\n<p>Avec les enfants on joue beaucoup! Avec son corps, sa voix, l&rsquo;espace, les autres, son \u00e9nergie, ses \u00e9motions, son imagination&#8230; on apprend \u00e0 \u00e9couter, faire confiance, faire ensemble, respecter des consignes. Et on fabrique un spectacle qui est jou\u00e9 en fin d&rsquo;ann\u00e9e en public.<\/p>\n\n\n\n<div class=\"wp-block-buttons is-layout-flex wp-block-buttons-is-layout-flex\">\n<div class=\"wp-block-button is-style-fill\"><a class=\"wp-block-button__link has-contrast-color has-text-color has-background has-link-color wp-element-button\" href=\"https:\/\/paroles-enlair.fr\/?page_id=99\" style=\"border-radius:100px;background-color:#fee600\" target=\"_blank\" rel=\"noreferrer noopener\">J&rsquo;inscris mon enfant<mark style=\"background-color:#fee600\" class=\"has-inline-color has-contrast-color\"><\/mark><\/a><\/div>\n<\/div>\n\n\n\n<h2 class=\"wp-block-heading has-text-color has-link-color wp-elements-baf0aad92534c1c705435a90fd211660\" style=\"color:#699b0d\">stages Chant\/voix<\/h2>\n\n\n\n<p><strong>Des stages destin\u00e9s aux adultes et adolescents pour apprendre \u00e0 :<\/strong><\/p>\n\n\n\n<ul>\n<li>Utiliser son corps pour produire des sons parl\u00e9s ou chant\u00e9s dans le confort.<\/li>\n\n\n\n<li>Explorer, \u00e9tendre et maitriser sa palette vocale, gagner en puissance.<\/li>\n\n\n\n<li>Utiliser sa voix et son corps au service du sens et de l&rsquo;interpr\u00e9tation du texte parl\u00e9 ou chant\u00e9<\/li>\n<\/ul>\n\n\n\n<p>Respiration, technique vocale, diction, interpr\u00e9tation, \u00e0 partir de textes litt\u00e9raires, de chants traditionnels ou de chansons fran\u00e7aises apport\u00e9s par les stagiaires ou la formatrice. <\/p>\n\n\n\n<p>Le contenu exact des stages est affin\u00e9 en fonction du niveau et des besoins des stagiaires, aucune connaissance pr\u00e9alable n&rsquo;est requise.<\/p>\n\n\n\n<p><strong>Prochaines dates:<\/strong><\/p>\n\n\n\n<ul>\n<li>23 et 24 novembre 2024<\/li>\n\n\n\n<li>22 et 23 f\u00e9vrier 2025<\/li>\n\n\n\n<li>24 et 25 mai 2025<\/li>\n<\/ul>\n\n\n\n<p>Tarifs: 80 euros le weekend<\/p>\n\n\n\n<p>Lieu \u00e0 d\u00e9terminer \u00e0 Montcel ou alentour.<\/p>\n\n\n\n<div class=\"wp-block-buttons is-content-justification-left is-layout-flex wp-container-core-buttons-layout-2 wp-block-buttons-is-layout-flex\">\n<div class=\"wp-block-button is-style-fill\"><a class=\"wp-block-button__link has-contrast-color has-text-color has-background has-link-color has-text-align-right wp-element-button\" href=\"http:\/\/paroles-enlair.fr\/?page_id=99\" style=\"border-radius:100px;background-color:#fee600\" target=\"_blank\" rel=\"noreferrer noopener\">Je m&rsquo;inscris !<\/a><\/div>\n<\/div>\n\n\n\n<h2 class=\"wp-block-heading has-text-color has-link-color wp-elements-db5dab91cb9c37b0f72d6fae7730c608\" style=\"color:#699b0d\">Stages Conte<\/h2>\n\n\n\n<p>Pas de stages pr\u00e9vus pour le moment. Si vous \u00eates int\u00e9ress\u00e9.e, contactez nous!<\/p>\n\n\n\n<div class=\"wp-block-buttons is-content-justification-left is-layout-flex wp-container-core-buttons-layout-3 wp-block-buttons-is-layout-flex\">\n<div class=\"wp-block-button is-style-fill\"><a class=\"wp-block-button__link has-contrast-color has-text-color has-background has-link-color has-text-align-right wp-element-button\" href=\"http:\/\/paroles-enlair.fr\/?page_id=99\" style=\"border-radius:100px;background-color:#fee600\" target=\"_blank\" rel=\"noreferrer noopener\">Contactez nous<\/a><\/div>\n<\/div>\n\n\n\n<h2 class=\"wp-block-heading has-text-color has-link-color wp-elements-ab87d7c1b12d469f12beda7b912133d4\" style=\"color:#699b0d\">M\u00e9diations autour des spectacles<\/h2>\n\n\n\n<p>Avant ou apr\u00e8s un spectacle dans votre structure, une rencontre ou un atelier peut \u00eatre organis\u00e9, en fonction de vos envies, de votre public et du spectacle jou\u00e9. N&rsquo;h\u00e9sitez pas \u00e0 nous contacter.<\/p>\n\n\n\n<div class=\"wp-block-buttons is-content-justification-left is-layout-flex wp-container-core-buttons-layout-4 wp-block-buttons-is-layout-flex\">\n<div class=\"wp-block-button is-style-fill\"><a class=\"wp-block-button__link has-contrast-color has-text-color has-background has-link-color has-text-align-right wp-element-button\" href=\"http:\/\/paroles-enlair.fr\/?page_id=99\" style=\"border-radius:100px;background-color:#fee600\" target=\"_blank\" rel=\"noreferrer noopener\">Contactez nous<\/a><\/div>\n<\/div>\n\n\n\n<h2 class=\"wp-block-heading has-text-color has-link-color wp-elements-e98b9582248ba2915d96f2d8884380f7\" style=\"color:#699b0d\">Stages lecture \u00e0 voix haute<\/h2>\n\n\n\n<p>La lecture \u00e0 voix haute est un exercice bien particulier qui implique un engagement maitris\u00e9 de la voix et du corps, et bien s\u00fbr, la prise en compte de l&rsquo;objet livre!<\/p>\n\n\n\n<div class=\"wp-block-buttons is-content-justification-left is-layout-flex wp-container-core-buttons-layout-5 wp-block-buttons-is-layout-flex\">\n<div class=\"wp-block-button is-style-fill\"><a class=\"wp-block-button__link has-contrast-color has-text-color has-background has-link-color has-text-align-right wp-element-button\" href=\"http:\/\/paroles-enlair.fr\/?page_id=99\" style=\"border-radius:100px;background-color:#fee600\" target=\"_blank\" rel=\"noreferrer noopener\">Contactez nous<\/a><\/div>\n<\/div>\n","protected":false},"excerpt":{"rendered":"<p>Les ateliers sont anim\u00e9s par Laurence Calabrese, qui partage depuis trente ans ses comp\u00e9tences de com\u00e9dienne, de chanteuse et de conteuse, aupr\u00e8s de publics vari\u00e9s allant de classes de maternelles \u00e0 des adultes en milieu carc\u00e9ral, de l\u2019encadrement de pratiques amateurs \u00e0 l\u2019accompagnement de professionnels. Form\u00e9e \u00e0 la direction d\u2019acteurs, et \u00e0 la p\u00e9dagogie de [&hellip;]<\/p>\n","protected":false},"author":1,"featured_media":0,"parent":0,"menu_order":0,"comment_status":"closed","ping_status":"closed","template":"","meta":{"footnotes":""},"_links":{"self":[{"href":"https:\/\/paroles-enlair.fr\/index.php?rest_route=\/wp\/v2\/pages\/98"}],"collection":[{"href":"https:\/\/paroles-enlair.fr\/index.php?rest_route=\/wp\/v2\/pages"}],"about":[{"href":"https:\/\/paroles-enlair.fr\/index.php?rest_route=\/wp\/v2\/types\/page"}],"author":[{"embeddable":true,"href":"https:\/\/paroles-enlair.fr\/index.php?rest_route=\/wp\/v2\/users\/1"}],"replies":[{"embeddable":true,"href":"https:\/\/paroles-enlair.fr\/index.php?rest_route=%2Fwp%2Fv2%2Fcomments&post=98"}],"version-history":[{"count":18,"href":"https:\/\/paroles-enlair.fr\/index.php?rest_route=\/wp\/v2\/pages\/98\/revisions"}],"predecessor-version":[{"id":455,"href":"https:\/\/paroles-enlair.fr\/index.php?rest_route=\/wp\/v2\/pages\/98\/revisions\/455"}],"wp:attachment":[{"href":"https:\/\/paroles-enlair.fr\/index.php?rest_route=%2Fwp%2Fv2%2Fmedia&parent=98"}],"curies":[{"name":"wp","href":"https:\/\/api.w.org\/{rel}","templated":true}]}}